{"id":2226,"date":"2025-08-07T14:32:46","date_gmt":"2025-08-07T12:32:46","guid":{"rendered":"https:\/\/ziller-holding.de\/vulcanizer-nz\/"},"modified":"2025-09-15T10:34:49","modified_gmt":"2025-09-15T08:34:49","slug":"vulcanizer-nz","status":"publish","type":"page","link":"https:\/\/ziller-holding.de\/en\/vulcanizer-nz\/","title":{"rendered":"Vulcanizer NZ"},"content":{"rendered":"\t\t<div data-elementor-type=\"wp-page\" data-elementor-id=\"2226\" class=\"elementor elementor-2226 elementor-1939\" data-elementor-post-type=\"page\">\n\t\t\t\t<div class=\"elementor-element elementor-element-26375ea e-flex e-con-boxed e-con e-parent\" data-id=\"26375ea\" data-element_type=\"container\" data-e-type=\"container\" data-settings=\"{&quot;background_background&quot;:&quot;classic&quot;}\">\n\t\t\t\t\t<div class=\"e-con-inner\">\n\t\t\t\t<div class=\"elementor-element elementor-element-af36180 elementor-widget__width-initial elementor-widget elementor-widget-heading\" data-id=\"af36180\" data-element_type=\"widget\" data-e-type=\"widget\" data-widget_type=\"heading.default\">\n\t\t\t\t<div class=\"elementor-widget-container\">\n\t\t\t\t\t<h2 class=\"elementor-heading-title elementor-size-default\">We are looking for a committed\n<br>V U L C A N I Z E R (m\/f\/d) with immediate effect<\/h2>\t\t\t\t<\/div>\n\t\t\t\t<\/div>\n\t\t\t\t\t<\/div>\n\t\t\t\t<\/div>\n\t\t<div class=\"elementor-element elementor-element-5635ffb e-flex e-con-boxed e-con e-parent\" data-id=\"5635ffb\" data-element_type=\"container\" data-e-type=\"container\">\n\t\t\t\t\t<div class=\"e-con-inner\">\n\t\t\t\t<div class=\"elementor-element elementor-element-830281b elementor-widget elementor-widget-spacer\" data-id=\"830281b\" data-element_type=\"widget\" data-e-type=\"widget\" data-widget_type=\"spacer.default\">\n\t\t\t\t<div class=\"elementor-widget-container\">\n\t\t\t\t\t\t\t<div class=\"elementor-spacer\">\n\t\t\t<div class=\"elementor-spacer-inner\"><\/div>\n\t\t<\/div>\n\t\t\t\t\t\t<\/div>\n\t\t\t\t<\/div>\n\t\t\t\t\t<\/div>\n\t\t\t\t<\/div>\n\t\t<div class=\"elementor-element elementor-element-cb11a48 e-flex e-con-boxed e-con e-parent\" data-id=\"cb11a48\" data-element_type=\"container\" data-e-type=\"container\">\n\t\t\t\t\t<div class=\"e-con-inner\">\n\t\t\t\t<div class=\"elementor-element elementor-element-b044cc3 elementor-widget elementor-widget-text-editor\" data-id=\"b044cc3\" data-element_type=\"widget\" data-e-type=\"widget\" data-widget_type=\"text-editor.default\">\n\t\t\t\t<div class=\"elementor-widget-container\">\n\t\t\t\t\t\t\t\t\t<p>As a growing company, we are looking for committed employees for our challenging projects, because qualified, motivated employees are the basis of our success. With our 70 employees at 5 locations and an annually increasing turnover, N+Z GmbH is an up-and-coming company based in Saxony. Maintenance services and industrial vulcanization is our primary daily business.  <\/p>\t\t\t\t\t\t\t\t<\/div>\n\t\t\t\t<\/div>\n\t\t\t\t\t<\/div>\n\t\t\t\t<\/div>\n\t\t<div class=\"elementor-element elementor-element-e43c646 e-flex e-con-boxed e-con e-parent\" data-id=\"e43c646\" data-element_type=\"container\" data-e-type=\"container\">\n\t\t\t\t\t<div class=\"e-con-inner\">\n\t\t\t\t<div class=\"elementor-element elementor-element-df836bb elementor-widget elementor-widget-spacer\" data-id=\"df836bb\" data-element_type=\"widget\" data-e-type=\"widget\" data-widget_type=\"spacer.default\">\n\t\t\t\t<div class=\"elementor-widget-container\">\n\t\t\t\t\t\t\t<div class=\"elementor-spacer\">\n\t\t\t<div class=\"elementor-spacer-inner\"><\/div>\n\t\t<\/div>\n\t\t\t\t\t\t<\/div>\n\t\t\t\t<\/div>\n\t\t\t\t\t<\/div>\n\t\t\t\t<\/div>\n\t\t<div class=\"elementor-element elementor-element-9a5f374 e-flex e-con-boxed e-con e-parent\" data-id=\"9a5f374\" data-element_type=\"container\" data-e-type=\"container\">\n\t\t\t\t\t<div class=\"e-con-inner\">\n\t\t\t\t<div class=\"elementor-element elementor-element-d6b92b2 elementor-widget elementor-widget-text-editor\" data-id=\"d6b92b2\" data-element_type=\"widget\" data-e-type=\"widget\" data-widget_type=\"text-editor.default\">\n\t\t\t\t<div class=\"elementor-widget-container\">\n\t\t\t\t\t\t\t\t\t<h3>To strengthen our team at the Peitz, Nochten and Boxberg sites, we are now looking for dedicated full-time vulcanizers (m\/f\/d)<\/h3><h4> <\/h4><h4>Your area of responsibility:<\/h4><ul><li>Maintenance and servicing of systems in mining, power plants, gravel pits and various industrial sectors<\/li><li>Construction of machines and industrial plants<\/li><li>Maintenance, assembly and disassembly of industrial plants<\/li><li>New installation, replacement and maintenance of conveyor belts<\/li><li>Assembly work according to contractual agreement<\/li><\/ul><h4> <\/h4><h4>Our offer:<\/h4><ul><li>Interesting salary package and bonuses<\/li><li>Vacation and Christmas bonus<\/li><li>Capital-forming benefits and company pension scheme<\/li><li>A collegial working environment<\/li><li>A long-term job with development opportunities\/personal qualifications<\/li><li>Personal contact persons in the branch office<\/li><\/ul><h4> <\/h4><h4>Your profile:<\/h4><ul><li>You have completed training as an industrial mechanic or a comparable vocational qualification in a technical or manual field<\/li><li>You have the will to develop yourself further as a career changer<\/li><li>You have basic knowledge of metalworking<\/li><li>You have a quick grasp of things and show initiative<\/li><li>You work in a solution- and customer-oriented manner<\/li><li>You are resilient, flexible and a team player<\/li><\/ul><h4><br>Summary:<\/h4><ul><li><b>Salary: <\/b>according to qualification<\/li><li><b>Working hours: <\/b>full-time (40h), primarily day shift<\/li><li><b>Type: <\/b>job subject to social insurance contributions<\/li><li><b>Start of work: <\/b>immediately<\/li><li><b>Qualification level: <\/b>skilled workers, journeymen, skilled workers, career changers<\/li><\/ul><p><strong><br><br>Have we aroused your interest?  <\/strong><br><strong>Then we look forward to receiving your detailed application, stating your earliest possible starting date, to:<\/strong><\/p><p><a href=\"mailto:info@nplusz.de\">info@nplusz.de<\/a><\/p>\t\t\t\t\t\t\t\t<\/div>\n\t\t\t\t<\/div>\n\t\t\t\t\t<\/div>\n\t\t\t\t<\/div>\n\t\t<div class=\"elementor-element elementor-element-fe369be e-flex e-con-boxed e-con e-parent\" data-id=\"fe369be\" data-element_type=\"container\" data-e-type=\"container\" data-settings=\"{&quot;background_background&quot;:&quot;gradient&quot;}\">\n\t\t\t\t\t<div class=\"e-con-inner\">\n\t\t\t\t<div class=\"elementor-element elementor-element-9ee090a elementor-widget elementor-widget-spacer\" data-id=\"9ee090a\" data-element_type=\"widget\" data-e-type=\"widget\" data-widget_type=\"spacer.default\">\n\t\t\t\t<div class=\"elementor-widget-container\">\n\t\t\t\t\t\t\t<div class=\"elementor-spacer\">\n\t\t\t<div class=\"elementor-spacer-inner\"><\/div>\n\t\t<\/div>\n\t\t\t\t\t\t<\/div>\n\t\t\t\t<\/div>\n\t\t\t\t\t<\/div>\n\t\t\t\t<\/div>\n\t\t\t\t<\/div>\n\t\t","protected":false},"excerpt":{"rendered":"<p>We are looking for a committed V U L C A N I Z E R (m\/f\/d) with immediate effect As a growing company, we are looking for committed employees for our challenging projects, because qualified, motivated employees are the basis of our success. With our 70 employees at 5 locations and an annually increasing [&hellip;]<\/p>\n","protected":false},"author":5,"featured_media":0,"parent":0,"menu_order":0,"comment_status":"closed","ping_status":"closed","template":"","meta":{"footnotes":""},"class_list":["post-2226","page","type-page","status-publish","hentry"],"yoast_head":"<!-- This site is optimized with the Yoast SEO plugin v27.1.1 - https:\/\/yoast.com\/product\/yoast-seo-wordpress\/ -->\n<title>Vulcanizer NZ - Ziller Holding GmbH &amp; Co. KG<\/title>\n<meta name=\"robots\" content=\"index, follow, max-snippet:-1, max-image-preview:large, max-video-preview:-1\" \/>\n<link rel=\"canonical\" href=\"https:\/\/ziller-holding.de\/en\/vulcanizer-nz\/\" \/>\n<meta property=\"og:locale\" content=\"en_US\" \/>\n<meta property=\"og:type\" content=\"article\" \/>\n<meta property=\"og:title\" content=\"Vulcanizer NZ - Ziller Holding GmbH &amp; Co. KG\" \/>\n<meta property=\"og:description\" content=\"We are looking for a committed V U L C A N I Z E R (m\/f\/d) with immediate effect As a growing company, we are looking for committed employees for our challenging projects, because qualified, motivated employees are the basis of our success. With our 70 employees at 5 locations and an annually increasing [&hellip;]\" \/>\n<meta property=\"og:url\" content=\"https:\/\/ziller-holding.de\/en\/vulcanizer-nz\/\" \/>\n<meta property=\"og:site_name\" content=\"Ziller Holding GmbH &amp; Co. KG\" \/>\n<meta property=\"article:modified_time\" content=\"2025-09-15T08:34:49+00:00\" \/>\n<meta name=\"twitter:card\" content=\"summary_large_image\" \/>\n<meta name=\"twitter:label1\" content=\"Est. reading time\" \/>\n\t<meta name=\"twitter:data1\" content=\"1 minute\" \/>\n<script type=\"application\/ld+json\" class=\"yoast-schema-graph\">{\"@context\":\"https:\/\/schema.org\",\"@graph\":[{\"@type\":\"WebPage\",\"@id\":\"https:\/\/ziller-holding.de\/en\/vulcanizer-nz\/\",\"url\":\"https:\/\/ziller-holding.de\/en\/vulcanizer-nz\/\",\"name\":\"Vulcanizer NZ - Ziller Holding GmbH &amp; Co. KG\",\"isPartOf\":{\"@id\":\"https:\/\/ziller-holding.de\/#website\"},\"datePublished\":\"2025-08-07T12:32:46+00:00\",\"dateModified\":\"2025-09-15T08:34:49+00:00\",\"breadcrumb\":{\"@id\":\"https:\/\/ziller-holding.de\/en\/vulcanizer-nz\/#breadcrumb\"},\"inLanguage\":\"en-US\",\"potentialAction\":[{\"@type\":\"ReadAction\",\"target\":[\"https:\/\/ziller-holding.de\/en\/vulcanizer-nz\/\"]}]},{\"@type\":\"BreadcrumbList\",\"@id\":\"https:\/\/ziller-holding.de\/en\/vulcanizer-nz\/#breadcrumb\",\"itemListElement\":[{\"@type\":\"ListItem\",\"position\":1,\"name\":\"Startseite\",\"item\":\"https:\/\/ziller-holding.de\/\"},{\"@type\":\"ListItem\",\"position\":2,\"name\":\"Vulcanizer NZ\"}]},{\"@type\":\"WebSite\",\"@id\":\"https:\/\/ziller-holding.de\/#website\",\"url\":\"https:\/\/ziller-holding.de\/\",\"name\":\"Ziller Holding GmbH &amp; Co. KG\",\"description\":\"Ihr Wegbereiter f\u00fcr innovative Maschinenbau- und F\u00f6rdertechnikl\u00f6sungen\",\"publisher\":{\"@id\":\"https:\/\/ziller-holding.de\/#organization\"},\"potentialAction\":[{\"@type\":\"SearchAction\",\"target\":{\"@type\":\"EntryPoint\",\"urlTemplate\":\"https:\/\/ziller-holding.de\/?s={search_term_string}\"},\"query-input\":{\"@type\":\"PropertyValueSpecification\",\"valueRequired\":true,\"valueName\":\"search_term_string\"}}],\"inLanguage\":\"en-US\"},{\"@type\":\"Organization\",\"@id\":\"https:\/\/ziller-holding.de\/#organization\",\"name\":\"Ziller Holding GmbH & Co. KG\",\"alternateName\":\"Ziller Holding\",\"url\":\"https:\/\/ziller-holding.de\/\",\"logo\":{\"@type\":\"ImageObject\",\"inLanguage\":\"en-US\",\"@id\":\"https:\/\/ziller-holding.de\/#\/schema\/logo\/image\/\",\"url\":\"https:\/\/ziller-holding.de\/wp-content\/uploads\/2024\/12\/cropped-Holding-Logo_schwarz_farbe-01-Neues-Z-scaled-1.png\",\"contentUrl\":\"https:\/\/ziller-holding.de\/wp-content\/uploads\/2024\/12\/cropped-Holding-Logo_schwarz_farbe-01-Neues-Z-scaled-1.png\",\"width\":512,\"height\":512,\"caption\":\"Ziller Holding GmbH & Co. KG\"},\"image\":{\"@id\":\"https:\/\/ziller-holding.de\/#\/schema\/logo\/image\/\"}}]}<\/script>\n<!-- \/ Yoast SEO plugin. -->","yoast_head_json":{"title":"Vulcanizer NZ - Ziller Holding GmbH &amp; Co. KG","robots":{"index":"index","follow":"follow","max-snippet":"max-snippet:-1","max-image-preview":"max-image-preview:large","max-video-preview":"max-video-preview:-1"},"canonical":"https:\/\/ziller-holding.de\/en\/vulcanizer-nz\/","og_locale":"en_US","og_type":"article","og_title":"Vulcanizer NZ - Ziller Holding GmbH &amp; Co. KG","og_description":"We are looking for a committed V U L C A N I Z E R (m\/f\/d) with immediate effect As a growing company, we are looking for committed employees for our challenging projects, because qualified, motivated employees are the basis of our success. With our 70 employees at 5 locations and an annually increasing [&hellip;]","og_url":"https:\/\/ziller-holding.de\/en\/vulcanizer-nz\/","og_site_name":"Ziller Holding GmbH &amp; Co. KG","article_modified_time":"2025-09-15T08:34:49+00:00","twitter_card":"summary_large_image","twitter_misc":{"Est. reading time":"1 minute"},"schema":{"@context":"https:\/\/schema.org","@graph":[{"@type":"WebPage","@id":"https:\/\/ziller-holding.de\/en\/vulcanizer-nz\/","url":"https:\/\/ziller-holding.de\/en\/vulcanizer-nz\/","name":"Vulcanizer NZ - Ziller Holding GmbH &amp; Co. KG","isPartOf":{"@id":"https:\/\/ziller-holding.de\/#website"},"datePublished":"2025-08-07T12:32:46+00:00","dateModified":"2025-09-15T08:34:49+00:00","breadcrumb":{"@id":"https:\/\/ziller-holding.de\/en\/vulcanizer-nz\/#breadcrumb"},"inLanguage":"en-US","potentialAction":[{"@type":"ReadAction","target":["https:\/\/ziller-holding.de\/en\/vulcanizer-nz\/"]}]},{"@type":"BreadcrumbList","@id":"https:\/\/ziller-holding.de\/en\/vulcanizer-nz\/#breadcrumb","itemListElement":[{"@type":"ListItem","position":1,"name":"Startseite","item":"https:\/\/ziller-holding.de\/"},{"@type":"ListItem","position":2,"name":"Vulcanizer NZ"}]},{"@type":"WebSite","@id":"https:\/\/ziller-holding.de\/#website","url":"https:\/\/ziller-holding.de\/","name":"Ziller Holding GmbH &amp; Co. KG","description":"Ihr Wegbereiter f\u00fcr innovative Maschinenbau- und F\u00f6rdertechnikl\u00f6sungen","publisher":{"@id":"https:\/\/ziller-holding.de\/#organization"},"potentialAction":[{"@type":"SearchAction","target":{"@type":"EntryPoint","urlTemplate":"https:\/\/ziller-holding.de\/?s={search_term_string}"},"query-input":{"@type":"PropertyValueSpecification","valueRequired":true,"valueName":"search_term_string"}}],"inLanguage":"en-US"},{"@type":"Organization","@id":"https:\/\/ziller-holding.de\/#organization","name":"Ziller Holding GmbH & Co. KG","alternateName":"Ziller Holding","url":"https:\/\/ziller-holding.de\/","logo":{"@type":"ImageObject","inLanguage":"en-US","@id":"https:\/\/ziller-holding.de\/#\/schema\/logo\/image\/","url":"https:\/\/ziller-holding.de\/wp-content\/uploads\/2024\/12\/cropped-Holding-Logo_schwarz_farbe-01-Neues-Z-scaled-1.png","contentUrl":"https:\/\/ziller-holding.de\/wp-content\/uploads\/2024\/12\/cropped-Holding-Logo_schwarz_farbe-01-Neues-Z-scaled-1.png","width":512,"height":512,"caption":"Ziller Holding GmbH & Co. KG"},"image":{"@id":"https:\/\/ziller-holding.de\/#\/schema\/logo\/image\/"}}]}},"_links":{"self":[{"href":"https:\/\/ziller-holding.de\/en\/wp-json\/wp\/v2\/pages\/2226","targetHints":{"allow":["GET"]}}],"collection":[{"href":"https:\/\/ziller-holding.de\/en\/wp-json\/wp\/v2\/pages"}],"about":[{"href":"https:\/\/ziller-holding.de\/en\/wp-json\/wp\/v2\/types\/page"}],"author":[{"embeddable":true,"href":"https:\/\/ziller-holding.de\/en\/wp-json\/wp\/v2\/users\/5"}],"replies":[{"embeddable":true,"href":"https:\/\/ziller-holding.de\/en\/wp-json\/wp\/v2\/comments?post=2226"}],"version-history":[{"count":3,"href":"https:\/\/ziller-holding.de\/en\/wp-json\/wp\/v2\/pages\/2226\/revisions"}],"predecessor-version":[{"id":2288,"href":"https:\/\/ziller-holding.de\/en\/wp-json\/wp\/v2\/pages\/2226\/revisions\/2288"}],"wp:attachment":[{"href":"https:\/\/ziller-holding.de\/en\/wp-json\/wp\/v2\/media?parent=2226"}],"curies":[{"name":"wp","href":"https:\/\/api.w.org\/{rel}","templated":true}]}}