{"id":2228,"date":"2025-09-02T11:31:19","date_gmt":"2025-09-02T09:31:19","guid":{"rendered":"https:\/\/ziller-holding.de\/warehouse-logistics-training\/"},"modified":"2025-09-15T10:26:36","modified_gmt":"2025-09-15T08:26:36","slug":"warehouse-logistics-training","status":"publish","type":"page","link":"https:\/\/ziller-holding.de\/en\/warehouse-logistics-training\/","title":{"rendered":"Warehouse logistics training"},"content":{"rendered":"\t\t<div data-elementor-type=\"wp-page\" data-elementor-id=\"2228\" class=\"elementor elementor-2228 elementor-1796\" data-elementor-post-type=\"page\">\n\t\t\t\t<div class=\"elementor-element elementor-element-f15bfb1 e-flex e-con-boxed e-con e-parent\" data-id=\"f15bfb1\" data-element_type=\"container\" data-e-type=\"container\" data-settings=\"{&quot;background_background&quot;:&quot;classic&quot;}\">\n\t\t\t\t\t<div class=\"e-con-inner\">\n\t\t\t\t<div class=\"elementor-element elementor-element-18c2293 elementor-widget__width-initial elementor-widget elementor-widget-heading\" data-id=\"18c2293\" data-element_type=\"widget\" data-e-type=\"widget\" data-widget_type=\"heading.default\">\n\t\t\t\t<div class=\"elementor-widget-container\">\n\t\t\t\t\t<h2 class=\"elementor-heading-title elementor-size-default\">We are currently looking for a trainee specialist for\n<br>W A R E H O U S E L O G I S T I C S (m\/f\/d)<\/h2>\t\t\t\t<\/div>\n\t\t\t\t<\/div>\n\t\t\t\t\t<\/div>\n\t\t\t\t<\/div>\n\t\t<div class=\"elementor-element elementor-element-49c0969 e-flex e-con-boxed e-con e-parent\" data-id=\"49c0969\" data-element_type=\"container\" data-e-type=\"container\">\n\t\t\t\t\t<div class=\"e-con-inner\">\n\t\t\t\t<div class=\"elementor-element elementor-element-436c0c2 elementor-widget elementor-widget-spacer\" data-id=\"436c0c2\" data-element_type=\"widget\" data-e-type=\"widget\" data-widget_type=\"spacer.default\">\n\t\t\t\t<div class=\"elementor-widget-container\">\n\t\t\t\t\t\t\t<div class=\"elementor-spacer\">\n\t\t\t<div class=\"elementor-spacer-inner\"><\/div>\n\t\t<\/div>\n\t\t\t\t\t\t<\/div>\n\t\t\t\t<\/div>\n\t\t\t\t<div class=\"elementor-element elementor-element-cc27ef8 elementor-widget elementor-widget-text-editor\" data-id=\"cc27ef8\" data-element_type=\"widget\" data-e-type=\"widget\" data-widget_type=\"text-editor.default\">\n\t\t\t\t<div class=\"elementor-widget-container\">\n\t\t\t\t\t\t\t\t\t<h2>Who we are<\/h2><p>WAGENER Vulcanizers GmbH &amp; Co. KG is a mechanical engineering company founded in 1897 at the headquarters of a family-run, medium-sized group with an international focus. With over 125 years of experience, the company is a globally recognized expert in the design, development and construction of portable and stationary vulcanizing presses as well as special machines for the conveyor belt sector. Our vulcanizing presses are used worldwide for splicing and repairing conveyor belts. Innovations such as the KLIV vulcanizing press with a fully automatic ceramic heating system or the ROTOCUT RCE 40 steel cord belt cutter, which enables emission-free and safe cutting of steel cord conveyor belts, underline our technological lead. Customized solutions &#8220;Made in Germany&#8221; are the key to the success of WAGENER Vulcanizers.    <br><br><\/p><h3>To strengthen our team in Hilden, we are looking for a<br>Trainee warehouse logistics specialist (m\/f\/d)<\/h3><p><u>We at WAGENER Vulcanizers attach great importance to this:<\/u><\/p><p>Friendly cooperation<\/p><p>Open communication at eye level<\/p><p>Reliability and transparency<br><br><\/p><h4>Training focus:<\/h4><ul><li>Planning and organization of logistical warehouse processes<\/li><li>Ensuring proper packaging for shipping and transportation<\/li><li>Efficient loading and unloading of freight shipments<\/li><li>Creating route plans and loading lists and checking stock levels<br><br><\/li><\/ul><h4>What we offer you:<\/h4><ul><li>Start of training on 01.08.2025, the training lasts 3.5 years (shortening possible with good performance)<\/li><li>Attractive remuneration<\/li><li>35-hour week, 30 days vacation<\/li><li>Discounted canteen meals and free water dispensers<\/li><li>Company pension scheme possible<\/li><li>Award-winning suggestion scheme for optimization processes<\/li><li>Further training in the form of internal and external training courses (e.g. product training, forklift and crane license<br>first aid course, fire safety training) <\/li><li>Flat hierarchies and open doors right up to the executive floor<\/li><li>Good public transport connections from the greater Cologne and D\u00fcsseldorf area<\/li><li>Opportunities to be taken on after training<br><br><\/li><\/ul><h4>That&#8217;s what we want:<\/h4><ul><li>Good secondary school leaving certificate after grade 10<\/li><li>Physical resilience, motivation, willingness to learn and enjoy learning something new<\/li><li>Careful and organized way of working<\/li><li>You enjoy teamwork<\/li><li>Reliability, commitment, initiative and ability to work in a team<br><br><br><\/li><\/ul><p><strong>Have we piqued your interest? Then please apply by e-mail with your detailed application documents (cover letter, <\/strong><br><strong>Curriculum vitae, last two school reports, any other supporting documents).<\/strong><\/p><p>WAGENER Vulcanizers GmbH &amp; Co. KG<br>Ms Gabriele Neugebauer<br>Reisholzstra\u00dfe 15, 40721 Hilden<br><a href=\"mailto:bewerbung@nilos.de\">bewerbung@nilos.de<\/a><br>www.wagenervulcanizers.de<\/p>\t\t\t\t\t\t\t\t<\/div>\n\t\t\t\t<\/div>\n\t\t\t\t\t<\/div>\n\t\t\t\t<\/div>\n\t\t<div class=\"elementor-element elementor-element-82b83c3 e-flex e-con-boxed e-con e-parent\" data-id=\"82b83c3\" data-element_type=\"container\" data-e-type=\"container\">\n\t\t\t\t\t<div class=\"e-con-inner\">\n\t\t\t\t<div class=\"elementor-element elementor-element-7b47c15 elementor-widget elementor-widget-spacer\" data-id=\"7b47c15\" data-element_type=\"widget\" data-e-type=\"widget\" data-widget_type=\"spacer.default\">\n\t\t\t\t<div class=\"elementor-widget-container\">\n\t\t\t\t\t\t\t<div class=\"elementor-spacer\">\n\t\t\t<div class=\"elementor-spacer-inner\"><\/div>\n\t\t<\/div>\n\t\t\t\t\t\t<\/div>\n\t\t\t\t<\/div>\n\t\t\t\t\t<\/div>\n\t\t\t\t<\/div>\n\t\t\t\t<\/div>\n\t\t","protected":false},"excerpt":{"rendered":"<p>We are currently looking for a trainee specialist for W A R E H O U S E L O G I S T I C S (m\/f\/d) Who we are WAGENER Vulcanizers GmbH &amp; Co. KG is a mechanical engineering company founded in 1897 at the headquarters of a family-run, medium-sized group with an [&hellip;]<\/p>\n","protected":false},"author":2,"featured_media":0,"parent":0,"menu_order":0,"comment_status":"closed","ping_status":"closed","template":"","meta":{"footnotes":""},"class_list":["post-2228","page","type-page","status-publish","hentry"],"yoast_head":"<!-- This site is optimized with the Yoast SEO plugin v27.1.1 - https:\/\/yoast.com\/product\/yoast-seo-wordpress\/ -->\n<title>Warehouse logistics training - Ziller Holding GmbH &amp; Co. KG<\/title>\n<meta name=\"robots\" content=\"index, follow, max-snippet:-1, max-image-preview:large, max-video-preview:-1\" \/>\n<link rel=\"canonical\" href=\"https:\/\/ziller-holding.de\/en\/warehouse-logistics-training\/\" \/>\n<meta property=\"og:locale\" content=\"en_US\" \/>\n<meta property=\"og:type\" content=\"article\" \/>\n<meta property=\"og:title\" content=\"Warehouse logistics training - Ziller Holding GmbH &amp; Co. KG\" \/>\n<meta property=\"og:description\" content=\"We are currently looking for a trainee specialist for W A R E H O U S E L O G I S T I C S (m\/f\/d) Who we are WAGENER Vulcanizers GmbH &amp; Co. KG is a mechanical engineering company founded in 1897 at the headquarters of a family-run, medium-sized group with an [&hellip;]\" \/>\n<meta property=\"og:url\" content=\"https:\/\/ziller-holding.de\/en\/warehouse-logistics-training\/\" \/>\n<meta property=\"og:site_name\" content=\"Ziller Holding GmbH &amp; Co. KG\" \/>\n<meta property=\"article:modified_time\" content=\"2025-09-15T08:26:36+00:00\" \/>\n<meta name=\"twitter:card\" content=\"summary_large_image\" \/>\n<meta name=\"twitter:label1\" content=\"Est. reading time\" \/>\n\t<meta name=\"twitter:data1\" content=\"2 minutes\" \/>\n<script type=\"application\/ld+json\" class=\"yoast-schema-graph\">{\"@context\":\"https:\/\/schema.org\",\"@graph\":[{\"@type\":\"WebPage\",\"@id\":\"https:\/\/ziller-holding.de\/en\/warehouse-logistics-training\/\",\"url\":\"https:\/\/ziller-holding.de\/en\/warehouse-logistics-training\/\",\"name\":\"Warehouse logistics training - Ziller Holding GmbH &amp; Co. KG\",\"isPartOf\":{\"@id\":\"https:\/\/ziller-holding.de\/#website\"},\"datePublished\":\"2025-09-02T09:31:19+00:00\",\"dateModified\":\"2025-09-15T08:26:36+00:00\",\"breadcrumb\":{\"@id\":\"https:\/\/ziller-holding.de\/en\/warehouse-logistics-training\/#breadcrumb\"},\"inLanguage\":\"en-US\",\"potentialAction\":[{\"@type\":\"ReadAction\",\"target\":[\"https:\/\/ziller-holding.de\/en\/warehouse-logistics-training\/\"]}]},{\"@type\":\"BreadcrumbList\",\"@id\":\"https:\/\/ziller-holding.de\/en\/warehouse-logistics-training\/#breadcrumb\",\"itemListElement\":[{\"@type\":\"ListItem\",\"position\":1,\"name\":\"Startseite\",\"item\":\"https:\/\/ziller-holding.de\/\"},{\"@type\":\"ListItem\",\"position\":2,\"name\":\"Warehouse logistics training\"}]},{\"@type\":\"WebSite\",\"@id\":\"https:\/\/ziller-holding.de\/#website\",\"url\":\"https:\/\/ziller-holding.de\/\",\"name\":\"Ziller Holding GmbH &amp; Co. KG\",\"description\":\"Ihr Wegbereiter f\u00fcr innovative Maschinenbau- und F\u00f6rdertechnikl\u00f6sungen\",\"publisher\":{\"@id\":\"https:\/\/ziller-holding.de\/#organization\"},\"potentialAction\":[{\"@type\":\"SearchAction\",\"target\":{\"@type\":\"EntryPoint\",\"urlTemplate\":\"https:\/\/ziller-holding.de\/?s={search_term_string}\"},\"query-input\":{\"@type\":\"PropertyValueSpecification\",\"valueRequired\":true,\"valueName\":\"search_term_string\"}}],\"inLanguage\":\"en-US\"},{\"@type\":\"Organization\",\"@id\":\"https:\/\/ziller-holding.de\/#organization\",\"name\":\"Ziller Holding GmbH & Co. KG\",\"alternateName\":\"Ziller Holding\",\"url\":\"https:\/\/ziller-holding.de\/\",\"logo\":{\"@type\":\"ImageObject\",\"inLanguage\":\"en-US\",\"@id\":\"https:\/\/ziller-holding.de\/#\/schema\/logo\/image\/\",\"url\":\"https:\/\/ziller-holding.de\/wp-content\/uploads\/2024\/12\/cropped-Holding-Logo_schwarz_farbe-01-Neues-Z-scaled-1.png\",\"contentUrl\":\"https:\/\/ziller-holding.de\/wp-content\/uploads\/2024\/12\/cropped-Holding-Logo_schwarz_farbe-01-Neues-Z-scaled-1.png\",\"width\":512,\"height\":512,\"caption\":\"Ziller Holding GmbH & Co. KG\"},\"image\":{\"@id\":\"https:\/\/ziller-holding.de\/#\/schema\/logo\/image\/\"}}]}<\/script>\n<!-- \/ Yoast SEO plugin. -->","yoast_head_json":{"title":"Warehouse logistics training - Ziller Holding GmbH &amp; Co. KG","robots":{"index":"index","follow":"follow","max-snippet":"max-snippet:-1","max-image-preview":"max-image-preview:large","max-video-preview":"max-video-preview:-1"},"canonical":"https:\/\/ziller-holding.de\/en\/warehouse-logistics-training\/","og_locale":"en_US","og_type":"article","og_title":"Warehouse logistics training - Ziller Holding GmbH &amp; Co. KG","og_description":"We are currently looking for a trainee specialist for W A R E H O U S E L O G I S T I C S (m\/f\/d) Who we are WAGENER Vulcanizers GmbH &amp; Co. KG is a mechanical engineering company founded in 1897 at the headquarters of a family-run, medium-sized group with an [&hellip;]","og_url":"https:\/\/ziller-holding.de\/en\/warehouse-logistics-training\/","og_site_name":"Ziller Holding GmbH &amp; Co. KG","article_modified_time":"2025-09-15T08:26:36+00:00","twitter_card":"summary_large_image","twitter_misc":{"Est. reading time":"2 minutes"},"schema":{"@context":"https:\/\/schema.org","@graph":[{"@type":"WebPage","@id":"https:\/\/ziller-holding.de\/en\/warehouse-logistics-training\/","url":"https:\/\/ziller-holding.de\/en\/warehouse-logistics-training\/","name":"Warehouse logistics training - Ziller Holding GmbH &amp; Co. KG","isPartOf":{"@id":"https:\/\/ziller-holding.de\/#website"},"datePublished":"2025-09-02T09:31:19+00:00","dateModified":"2025-09-15T08:26:36+00:00","breadcrumb":{"@id":"https:\/\/ziller-holding.de\/en\/warehouse-logistics-training\/#breadcrumb"},"inLanguage":"en-US","potentialAction":[{"@type":"ReadAction","target":["https:\/\/ziller-holding.de\/en\/warehouse-logistics-training\/"]}]},{"@type":"BreadcrumbList","@id":"https:\/\/ziller-holding.de\/en\/warehouse-logistics-training\/#breadcrumb","itemListElement":[{"@type":"ListItem","position":1,"name":"Startseite","item":"https:\/\/ziller-holding.de\/"},{"@type":"ListItem","position":2,"name":"Warehouse logistics training"}]},{"@type":"WebSite","@id":"https:\/\/ziller-holding.de\/#website","url":"https:\/\/ziller-holding.de\/","name":"Ziller Holding GmbH &amp; Co. KG","description":"Ihr Wegbereiter f\u00fcr innovative Maschinenbau- und F\u00f6rdertechnikl\u00f6sungen","publisher":{"@id":"https:\/\/ziller-holding.de\/#organization"},"potentialAction":[{"@type":"SearchAction","target":{"@type":"EntryPoint","urlTemplate":"https:\/\/ziller-holding.de\/?s={search_term_string}"},"query-input":{"@type":"PropertyValueSpecification","valueRequired":true,"valueName":"search_term_string"}}],"inLanguage":"en-US"},{"@type":"Organization","@id":"https:\/\/ziller-holding.de\/#organization","name":"Ziller Holding GmbH & Co. KG","alternateName":"Ziller Holding","url":"https:\/\/ziller-holding.de\/","logo":{"@type":"ImageObject","inLanguage":"en-US","@id":"https:\/\/ziller-holding.de\/#\/schema\/logo\/image\/","url":"https:\/\/ziller-holding.de\/wp-content\/uploads\/2024\/12\/cropped-Holding-Logo_schwarz_farbe-01-Neues-Z-scaled-1.png","contentUrl":"https:\/\/ziller-holding.de\/wp-content\/uploads\/2024\/12\/cropped-Holding-Logo_schwarz_farbe-01-Neues-Z-scaled-1.png","width":512,"height":512,"caption":"Ziller Holding GmbH & Co. KG"},"image":{"@id":"https:\/\/ziller-holding.de\/#\/schema\/logo\/image\/"}}]}},"_links":{"self":[{"href":"https:\/\/ziller-holding.de\/en\/wp-json\/wp\/v2\/pages\/2228","targetHints":{"allow":["GET"]}}],"collection":[{"href":"https:\/\/ziller-holding.de\/en\/wp-json\/wp\/v2\/pages"}],"about":[{"href":"https:\/\/ziller-holding.de\/en\/wp-json\/wp\/v2\/types\/page"}],"author":[{"embeddable":true,"href":"https:\/\/ziller-holding.de\/en\/wp-json\/wp\/v2\/users\/2"}],"replies":[{"embeddable":true,"href":"https:\/\/ziller-holding.de\/en\/wp-json\/wp\/v2\/comments?post=2228"}],"version-history":[{"count":3,"href":"https:\/\/ziller-holding.de\/en\/wp-json\/wp\/v2\/pages\/2228\/revisions"}],"predecessor-version":[{"id":2277,"href":"https:\/\/ziller-holding.de\/en\/wp-json\/wp\/v2\/pages\/2228\/revisions\/2277"}],"wp:attachment":[{"href":"https:\/\/ziller-holding.de\/en\/wp-json\/wp\/v2\/media?parent=2228"}],"curies":[{"name":"wp","href":"https:\/\/api.w.org\/{rel}","templated":true}]}}